{"id":16,"date":"2013-03-20T20:24:00","date_gmt":"2013-03-20T18:24:00","guid":{"rendered":"http:\/\/laperlacoiffeur.ch\/?page_id=16"},"modified":"2013-03-24T19:23:29","modified_gmt":"2013-03-24T18:23:29","slug":"uber-mich","status":"publish","type":"page","link":"https:\/\/laperlacoiffeur.ch\/","title":{"rendered":"\u00dcber mich"},"content":{"rendered":"<p><img loading=\"lazy\" class=\"size-full wp-image-15     alignright\" style=\"margin-left: 20px;\" alt=\"Profil: Nevin De Sorbo\" src=\"http:\/\/laperlacoiffeur.ch\/wp-content\/uploads\/2013\/03\/profil.jpg\" width=\"251\" height=\"332\" srcset=\"https:\/\/laperlacoiffeur.ch\/wp-content\/uploads\/2013\/03\/profil.jpg 251w, https:\/\/laperlacoiffeur.ch\/wp-content\/uploads\/2013\/03\/profil-226x300.jpg 226w\" sizes=\"(max-width: 251px) 100vw, 251px\" \/><\/p>\n<p>Hallo und herzlich willkommen auf meiner Homepage.<\/p>\n<p>Mein Name ist Nevin De Sorbo, geboren am 30.01.1990 in Uster. Ich bin ein aufgestellter und lebensfreudiger Mensch. Ich mag den Kontakt mit Menschen und verbringe meine Zeit gerne mit meiner Familie.<\/p>\n<p>Nach meiner Ausbildung zur Coiffeuse konnte ich mein Fachwissen in diversen Coiffeursalons anwenden und auch meiner Kreativit\u00e4t freien Lauf lassen. Somit konnte ich meinen Rucksack mit vielen Erfahrungen f\u00fcllen. Nach 5 Jahren Berufserfahrung erf\u00fcllte ich mir einen grossen Traum und er\u00f6ffnete am 12. M\u00e4rz 2013 mein eigenes Coiffeur-Gesch\u00e4ft.<\/p>\n<p>Das kann man bei La Perla Coiffeur erwarten: Erf\u00fcllung der Kundenbed\u00fcrfnisse durch professionelle Dienstleistungen.<\/p>\n<p>Mein Motto lautet: Ein zufriedener Kunde ist ein loyaler Kunde.<\/p>\n<p>Ich erw\u00fcnsche mir viele erfolgreiche Jahre durch treue Kunden\/Innen und freue mich auf viele neue Gesichter, die ich in meinem Gesch\u00e4ft herzlich willkommen heisse.<\/p>\n","protected":false},"excerpt":{"rendered":"<p>Hallo und herzlich willkommen auf meiner Homepage. Mein Name ist Nevin De Sorbo, geboren am 30.01.1990 in Uster. Ich bin ein aufgestellter und lebensfreudiger Mensch. Ich mag den Kontakt mit Menschen und verbringe meine Zeit gerne mit meiner Familie. Nach meiner Ausbildung zur Coiffeuse konnte ich mein Fachwissen in diversen Coiffeursalons anwenden und auch meiner [&hellip;]<\/p>\n","protected":false},"author":1,"featured_media":0,"parent":0,"menu_order":0,"comment_status":"open","ping_status":"open","template":"","meta":[],"_links":{"self":[{"href":"https:\/\/laperlacoiffeur.ch\/index.php?rest_route=\/wp\/v2\/pages\/16"}],"collection":[{"href":"https:\/\/laperlacoiffeur.ch\/index.php?rest_route=\/wp\/v2\/pages"}],"about":[{"href":"https:\/\/laperlacoiffeur.ch\/index.php?rest_route=\/wp\/v2\/types\/page"}],"author":[{"embeddable":true,"href":"https:\/\/laperlacoiffeur.ch\/index.php?rest_route=\/wp\/v2\/users\/1"}],"replies":[{"embeddable":true,"href":"https:\/\/laperlacoiffeur.ch\/index.php?rest_route=%2Fwp%2Fv2%2Fcomments&post=16"}],"version-history":[{"count":9,"href":"https:\/\/laperlacoiffeur.ch\/index.php?rest_route=\/wp\/v2\/pages\/16\/revisions"}],"predecessor-version":[{"id":83,"href":"https:\/\/laperlacoiffeur.ch\/index.php?rest_route=\/wp\/v2\/pages\/16\/revisions\/83"}],"wp:attachment":[{"href":"https:\/\/laperlacoiffeur.ch\/index.php?rest_route=%2Fwp%2Fv2%2Fmedia&parent=16"}],"curies":[{"name":"wp","href":"https:\/\/api.w.org\/{rel}","templated":true}]}}